{"id":3871,"date":"2024-11-12T09:32:51","date_gmt":"2024-11-12T09:32:51","guid":{"rendered":"https:\/\/asdsovodnje.it\/?page_id=3871"},"modified":"2024-11-15T09:11:43","modified_gmt":"2024-11-15T09:11:43","slug":"vodstvo","status":"publish","type":"page","link":"https:\/\/asdsovodnje.it\/?page_id=3871","title":{"rendered":"Vodstvo"},"content":{"rendered":"\n<div class=\"wp-block-columns is-layout-flex wp-container-core-columns-is-layout-9d6595d7 wp-block-columns-is-layout-flex\">\n<div class=\"wp-block-column is-layout-flow wp-block-column-is-layout-flow\">\n<h2 class=\"wp-block-heading has-text-align-center\">Leto ustanove<\/h2>\n\n\n\n<h1 class=\"wp-block-heading has-text-align-center\"><strong>1955<\/strong><\/h1>\n<\/div>\n\n\n\n<div class=\"wp-block-column is-layout-flow wp-block-column-is-layout-flow\">\n<h2 class=\"wp-block-heading has-text-align-center\">Barve dru\u0161tva <\/h2>\n\n\n\n<div class=\"team-colors-container\">\n<div class=\"team-circle-color c-white\">\n<\/div>\n<div class=\"team-circle-color c-blue\"><\/div>\n<\/div>\n<\/div>\n\n\n\n<div class=\"wp-block-column is-layout-flow wp-block-column-is-layout-flow\">\n<h2 class=\"wp-block-heading has-text-align-center\">\u010clanstva<\/h2>\n\n\n\n<h1 class=\"wp-block-heading has-text-align-center\"><strong>FIGC, ZS\u0160DI<\/strong><\/h1>\n<\/div>\n<\/div>\n\n\n\n<div class=\"wp-block-columns is-layout-flex wp-container-core-columns-is-layout-9d6595d7 wp-block-columns-is-layout-flex\">\n<div class=\"wp-block-column is-layout-flow wp-block-column-is-layout-flow\">\n<div style=\"height:40px\" aria-hidden=\"true\" class=\"wp-block-spacer\"><\/div>\n\n\n\n<h1 class=\"wp-block-heading has-text-align-left\"><strong>ORGANIGRAM<\/strong><\/h1>\n\n\n\n<div class=\"wp-block-columns rounded has-background is-layout-flex wp-container-core-columns-is-layout-9d6595d7 wp-block-columns-is-layout-flex\" style=\"background:linear-gradient(135deg,rgb(6,147,227) 0%,rgb(49,0,98) 100%)\">\n<div class=\"wp-block-column is-layout-flow wp-block-column-is-layout-flow\">\n<div class=\"wp-block-columns is-layout-flex wp-container-core-columns-is-layout-9d6595d7 wp-block-columns-is-layout-flex\">\n<div class=\"wp-block-column is-layout-flow wp-block-column-is-layout-flow\">\n<figure class=\"wp-block-image size-full\"><img loading=\"lazy\" decoding=\"async\" width=\"500\" height=\"499\" src=\"https:\/\/asdsovodnje.it\/wp-content\/uploads\/2024\/11\/default-empty-user-removebg-preview-removebg-preview.png\" alt=\"\" class=\"wp-image-4147\" srcset=\"https:\/\/asdsovodnje.it\/wp-content\/uploads\/2024\/11\/default-empty-user-removebg-preview-removebg-preview.png 500w, https:\/\/asdsovodnje.it\/wp-content\/uploads\/2024\/11\/default-empty-user-removebg-preview-removebg-preview-300x300.png 300w, https:\/\/asdsovodnje.it\/wp-content\/uploads\/2024\/11\/default-empty-user-removebg-preview-removebg-preview-150x150.png 150w, https:\/\/asdsovodnje.it\/wp-content\/uploads\/2024\/11\/default-empty-user-removebg-preview-removebg-preview-310x309.png 310w, https:\/\/asdsovodnje.it\/wp-content\/uploads\/2024\/11\/default-empty-user-removebg-preview-removebg-preview-400x400.png 400w\" sizes=\"auto, (max-width: 500px) 100vw, 500px\" \/><\/figure>\n\n\n\n<h3 class=\"wp-block-heading has-text-align-center has-pale-cyan-blue-color has-text-color has-link-color wp-elements-60f9431ca8321be947b231000a6c3d88\">Predsednik<\/h3>\n\n\n\n<h2 class=\"wp-block-heading has-text-align-center has-white-color has-text-color has-link-color wp-elements-0f6404265926cd0dce79c44052c62c27\"><strong>Ladi <strong>Tomsi\u010d<\/strong><\/strong><\/h2>\n<\/div>\n\n\n\n<div class=\"wp-block-column is-layout-flow wp-block-column-is-layout-flow\">\n<figure class=\"wp-block-image size-full\"><img loading=\"lazy\" decoding=\"async\" width=\"500\" height=\"499\" src=\"https:\/\/asdsovodnje.it\/wp-content\/uploads\/2024\/11\/default-empty-user-removebg-preview-removebg-preview.png\" alt=\"\" class=\"wp-image-4147\" srcset=\"https:\/\/asdsovodnje.it\/wp-content\/uploads\/2024\/11\/default-empty-user-removebg-preview-removebg-preview.png 500w, https:\/\/asdsovodnje.it\/wp-content\/uploads\/2024\/11\/default-empty-user-removebg-preview-removebg-preview-300x300.png 300w, https:\/\/asdsovodnje.it\/wp-content\/uploads\/2024\/11\/default-empty-user-removebg-preview-removebg-preview-150x150.png 150w, https:\/\/asdsovodnje.it\/wp-content\/uploads\/2024\/11\/default-empty-user-removebg-preview-removebg-preview-310x309.png 310w, https:\/\/asdsovodnje.it\/wp-content\/uploads\/2024\/11\/default-empty-user-removebg-preview-removebg-preview-400x400.png 400w\" sizes=\"auto, (max-width: 500px) 100vw, 500px\" \/><\/figure>\n\n\n\n<h3 class=\"wp-block-heading has-text-align-center has-pale-cyan-blue-color has-text-color has-link-color wp-elements-e90d7cb99778d5245e53a9d0d09e7f5f\">Podpredsednik<\/h3>\n\n\n\n<h2 class=\"wp-block-heading has-text-align-center has-white-color has-text-color has-link-color wp-elements-c082bd52b8ac432c7c3b166519e6e85a\"><strong><strong>Alex<\/strong><\/strong> <strong>Francescotto<\/strong><\/h2>\n<\/div>\n<\/div>\n<\/div>\n\n\n\n<div class=\"wp-block-column is-layout-flow wp-block-column-is-layout-flow\">\n<div class=\"wp-block-columns is-layout-flex wp-container-core-columns-is-layout-9d6595d7 wp-block-columns-is-layout-flex\">\n<div class=\"wp-block-column is-layout-flow wp-block-column-is-layout-flow\">\n<figure class=\"wp-block-image size-full\"><img loading=\"lazy\" decoding=\"async\" width=\"500\" height=\"499\" src=\"https:\/\/asdsovodnje.it\/wp-content\/uploads\/2024\/11\/default-empty-user-removebg-preview-removebg-preview.png\" alt=\"\" class=\"wp-image-4147\" srcset=\"https:\/\/asdsovodnje.it\/wp-content\/uploads\/2024\/11\/default-empty-user-removebg-preview-removebg-preview.png 500w, https:\/\/asdsovodnje.it\/wp-content\/uploads\/2024\/11\/default-empty-user-removebg-preview-removebg-preview-300x300.png 300w, https:\/\/asdsovodnje.it\/wp-content\/uploads\/2024\/11\/default-empty-user-removebg-preview-removebg-preview-150x150.png 150w, https:\/\/asdsovodnje.it\/wp-content\/uploads\/2024\/11\/default-empty-user-removebg-preview-removebg-preview-310x309.png 310w, https:\/\/asdsovodnje.it\/wp-content\/uploads\/2024\/11\/default-empty-user-removebg-preview-removebg-preview-400x400.png 400w\" sizes=\"auto, (max-width: 500px) 100vw, 500px\" \/><\/figure>\n\n\n\n<h3 class=\"wp-block-heading has-text-align-center has-pale-cyan-blue-color has-text-color has-link-color wp-elements-f963f85b06e59a3b5e6b86c131f66eb5\">\u0160portni direktor<\/h3>\n\n\n\n<h2 class=\"wp-block-heading has-text-align-center has-white-color has-text-color has-link-color wp-elements-0f813eedbeb8f6c5918a713d76b57d28\"><strong>Marko <strong>Fajt<\/strong><\/strong><\/h2>\n<\/div>\n\n\n\n<div class=\"wp-block-column is-layout-flow wp-block-column-is-layout-flow\">\n<figure class=\"wp-block-image size-full\"><img loading=\"lazy\" decoding=\"async\" width=\"500\" height=\"499\" src=\"https:\/\/asdsovodnje.it\/wp-content\/uploads\/2024\/11\/default-empty-user-removebg-preview-removebg-preview.png\" alt=\"\" class=\"wp-image-4147\" srcset=\"https:\/\/asdsovodnje.it\/wp-content\/uploads\/2024\/11\/default-empty-user-removebg-preview-removebg-preview.png 500w, https:\/\/asdsovodnje.it\/wp-content\/uploads\/2024\/11\/default-empty-user-removebg-preview-removebg-preview-300x300.png 300w, https:\/\/asdsovodnje.it\/wp-content\/uploads\/2024\/11\/default-empty-user-removebg-preview-removebg-preview-150x150.png 150w, https:\/\/asdsovodnje.it\/wp-content\/uploads\/2024\/11\/default-empty-user-removebg-preview-removebg-preview-310x309.png 310w, https:\/\/asdsovodnje.it\/wp-content\/uploads\/2024\/11\/default-empty-user-removebg-preview-removebg-preview-400x400.png 400w\" sizes=\"auto, (max-width: 500px) 100vw, 500px\" \/><\/figure>\n\n\n\n<h3 class=\"wp-block-heading has-text-align-center has-pale-cyan-blue-color has-text-color has-link-color wp-elements-9a078f8cbb16c4bf5d0b4b01ba739c7b\">Trener<\/h3>\n\n\n\n<h2 class=\"wp-block-heading has-text-align-center has-white-color has-text-color has-link-color wp-elements-db212870542d8ee14d0879c45954019a\"><strong>Nicola <strong>Trangoni<\/strong><\/strong><\/h2>\n<\/div>\n<\/div>\n<\/div>\n<\/div>\n\n\n\n<div style=\"height:80px\" aria-hidden=\"true\" class=\"wp-block-spacer\"><\/div>\n<\/div>\n<\/div>\n\n\n\n<h2 class=\"wp-block-heading\"><strong>NADZORNI ODBOR<\/strong><\/h2>\n\n\n\n<figure class=\"wp-block-table allinea-sinistra is-style-stripes has-medium-font-size\"><table class=\"has-black-color has-text-color has-link-color\"><tbody><tr><td class=\"has-text-align-center\" data-align=\"center\"><strong>NADZORNI ODBOR<\/strong><\/td><td class=\"has-text-align-left\" data-align=\"left\">Marjan Tomsi\u010d<br>Paola Ursi<br>Ferfolia Walter<\/td><\/tr><tr><td class=\"has-text-align-center\" data-align=\"center\"><strong>TAJNI\u0160TVO<\/strong><\/td><td class=\"has-text-align-left\" data-align=\"left\">Nada Devetak<\/td><\/tr><tr><td class=\"has-text-align-center\" data-align=\"center\"><strong>BLAGAJNIK<\/strong><\/td><td class=\"has-text-align-left\" data-align=\"left\">Ladi Tomsi\u010d<\/td><\/tr><tr><td class=\"has-text-align-center\" data-align=\"center\"><strong>ODBORNIKI<\/strong><\/td><td class=\"has-text-align-left\" data-align=\"left\">Ljubica Butkovi\u010d<br>Claudio Colussi<br>Katerina Citer<br>Rudi Devetak<br>Damjan Dornik<br>Maja O\u017ebot<br>Vasja Peteani<br>Marko Zotti<\/td><\/tr><\/tbody><\/table><\/figure>\n\n\n\n<div style=\"height:150px\" aria-hidden=\"true\" class=\"wp-block-spacer\"><\/div>\n\n\n\n<p><\/p>\n","protected":false},"excerpt":{"rendered":"<p>Leto ustanove 1955 Barve dru\u0161tva \u010clanstva FIGC, ZS\u0160DI ORGANIGRAM Predsednik Ladi Tomsi\u010d Podpredsednik Alex Francescotto \u0160portni direktor Marko Fajt Trener Nicola Trangoni NADZORNI ODBOR NADZORNI ODBOR Marjan Tomsi\u010dPaola UrsiFerfolia Walter TAJNI\u0160TVO Nada Devetak BLAGAJNIK Ladi Tomsi\u010d ODBORNIKI Ljubica Butkovi\u010dClaudio ColussiKaterina CiterRudi DevetakDamjan DornikMaja O\u017ebotVasja PeteaniMarko Zotti<\/p>\n","protected":false},"author":2,"featured_media":0,"parent":0,"menu_order":0,"comment_status":"closed","ping_status":"closed","template":"","meta":{"footnotes":""},"class_list":["post-3871","page","type-page","status-publish","hentry"],"_links":{"self":[{"href":"https:\/\/asdsovodnje.it\/index.php?rest_route=\/wp\/v2\/pages\/3871","targetHints":{"allow":["GET"]}}],"collection":[{"href":"https:\/\/asdsovodnje.it\/index.php?rest_route=\/wp\/v2\/pages"}],"about":[{"href":"https:\/\/asdsovodnje.it\/index.php?rest_route=\/wp\/v2\/types\/page"}],"author":[{"embeddable":true,"href":"https:\/\/asdsovodnje.it\/index.php?rest_route=\/wp\/v2\/users\/2"}],"replies":[{"embeddable":true,"href":"https:\/\/asdsovodnje.it\/index.php?rest_route=%2Fwp%2Fv2%2Fcomments&post=3871"}],"version-history":[{"count":10,"href":"https:\/\/asdsovodnje.it\/index.php?rest_route=\/wp\/v2\/pages\/3871\/revisions"}],"predecessor-version":[{"id":4156,"href":"https:\/\/asdsovodnje.it\/index.php?rest_route=\/wp\/v2\/pages\/3871\/revisions\/4156"}],"wp:attachment":[{"href":"https:\/\/asdsovodnje.it\/index.php?rest_route=%2Fwp%2Fv2%2Fmedia&parent=3871"}],"curies":[{"name":"wp","href":"https:\/\/api.w.org\/{rel}","templated":true}]}}