{"id":4677,"date":"2025-10-02T00:21:09","date_gmt":"2025-10-02T00:21:09","guid":{"rendered":"https:\/\/asdsovodnje.it\/?page_id=4677"},"modified":"2025-10-02T01:11:07","modified_gmt":"2025-10-02T01:11:07","slug":"muzej","status":"publish","type":"page","link":"https:\/\/asdsovodnje.it\/?page_id=4677","title":{"rendered":"Muzej"},"content":{"rendered":"\n<h1 class=\"wp-block-heading has-text-color has-link-color wp-elements-9b01f6b00b8ccbffeb696493959a47d7\" style=\"color:#284787\">Muzej<\/h1>\n\n\n\n<p><span style=\"font-weight: 400; font-size: 16px;\">Po pridobitvi novega nogometnega igri\u0161\u010da leta 2011, je dru\u0161tvo zapustilo zgodovinski \u00bbkampo\u00ab na prvomajski ulici. Stavba, kjer so bile stare garderobe (sla\u010dilnice) je nekaj let samevala in po zaklju\u010dku gradbenih del za \u0161iritev avtoceste so se nekateri starej\u0161i odborniki odlo\u010dili, da v teh prostorih postavijo dru\u0161tveni muzej. Posodobili in obnovili so eksponate, ki so jih pripravili za razstavo ob 50. Letnici dru\u0161tva in pridobili \u0161e dodatno gradivo. Za preureditev prostorov so odborniki opravili ve\u010d kot 800 ur udarni\u0161kega dela. Pomembno pridobitev so otvorili dne 13. maja 2015 ob prisotnosti velikega \u0161tevila \u0161portnih ljubiteljev in uglednih gostov. Zgleda da je sovodenjski muzej edinstvem ne samo v zamejstvu ampak tudi v \u0161ir\u0161em slovenskem prostorov.<\/span><\/p>\n\n\n\n<p><\/p>\n\n\n\n<p><\/p>\n\n\n\n<figure class=\"wp-block-image size-large\"><img loading=\"lazy\" decoding=\"async\" width=\"647\" height=\"1024\" src=\"https:\/\/asdsovodnje.it\/wp-content\/uploads\/2025\/10\/image-647x1024.png\" alt=\"\" class=\"wp-image-4681\" srcset=\"https:\/\/asdsovodnje.it\/wp-content\/uploads\/2025\/10\/image-647x1024.png 647w, https:\/\/asdsovodnje.it\/wp-content\/uploads\/2025\/10\/image-190x300.png 190w, https:\/\/asdsovodnje.it\/wp-content\/uploads\/2025\/10\/image-310x490.png 310w, https:\/\/asdsovodnje.it\/wp-content\/uploads\/2025\/10\/image.png 718w\" sizes=\"auto, (max-width: 647px) 100vw, 647px\" \/><\/figure>\n\n\n\n<p>Primorski dnevnik 13.05.2015<\/p>\n","protected":false},"excerpt":{"rendered":"<p>Muzej Po pridobitvi novega nogometnega igri\u0161\u010da leta 2011, je dru\u0161tvo zapustilo zgodovinski \u00bbkampo\u00ab na prvomajski ulici. Stavba, kjer so bile stare garderobe (sla\u010dilnice) je nekaj let samevala in po zaklju\u010dku gradbenih del za \u0161iritev avtoceste so se nekateri starej\u0161i odborniki odlo\u010dili, da v teh prostorih postavijo dru\u0161tveni muzej. Posodobili in obnovili so eksponate, ki so&#8230; <\/p>\n<div class=\"clear\"><\/div>\n<p><a href=\"https:\/\/asdsovodnje.it\/?page_id=4677\" class=\"excerpt-read-more\">Read More<\/a><\/p>\n","protected":false},"author":4,"featured_media":0,"parent":0,"menu_order":0,"comment_status":"closed","ping_status":"closed","template":"","meta":{"footnotes":""},"class_list":["post-4677","page","type-page","status-publish","hentry"],"_links":{"self":[{"href":"https:\/\/asdsovodnje.it\/index.php?rest_route=\/wp\/v2\/pages\/4677","targetHints":{"allow":["GET"]}}],"collection":[{"href":"https:\/\/asdsovodnje.it\/index.php?rest_route=\/wp\/v2\/pages"}],"about":[{"href":"https:\/\/asdsovodnje.it\/index.php?rest_route=\/wp\/v2\/types\/page"}],"author":[{"embeddable":true,"href":"https:\/\/asdsovodnje.it\/index.php?rest_route=\/wp\/v2\/users\/4"}],"replies":[{"embeddable":true,"href":"https:\/\/asdsovodnje.it\/index.php?rest_route=%2Fwp%2Fv2%2Fcomments&post=4677"}],"version-history":[{"count":3,"href":"https:\/\/asdsovodnje.it\/index.php?rest_route=\/wp\/v2\/pages\/4677\/revisions"}],"predecessor-version":[{"id":4696,"href":"https:\/\/asdsovodnje.it\/index.php?rest_route=\/wp\/v2\/pages\/4677\/revisions\/4696"}],"wp:attachment":[{"href":"https:\/\/asdsovodnje.it\/index.php?rest_route=%2Fwp%2Fv2%2Fmedia&parent=4677"}],"curies":[{"name":"wp","href":"https:\/\/api.w.org\/{rel}","templated":true}]}}